{"id":1441,"date":"2020-10-22T18:09:56","date_gmt":"2020-10-22T18:09:56","guid":{"rendered":"https:\/\/sela.hr\/referenzen\/"},"modified":"2023-08-30T11:32:45","modified_gmt":"2023-08-30T09:32:45","slug":"referenzen","status":"publish","type":"page","link":"https:\/\/sela.hr\/de\/ueber-uns\/referenzen\/","title":{"rendered":"Referenzen"},"content":{"rendered":"\t\t<div data-elementor-type=\"wp-page\" data-elementor-id=\"1441\" class=\"elementor elementor-1441 elementor-22\" data-elementor-post-type=\"page\">\n\t\t\t\t\t\t<section data-dce-background-color=\"#3C3943\" data-dce-background-overlay-color=\"#000000\" data-dce-background-image-url=\"https:\/\/sela.hr\/wp-content\/uploads\/2020\/10\/background-refrences-01.jpg\" class=\"elementor-section elementor-top-section elementor-element elementor-element-61496a4 elementor-section-height-min-height elementor-section-stretched elementor-section-boxed elementor-section-height-default elementor-section-items-middle\" data-id=\"61496a4\" data-element_type=\"section\" data-settings=\"{&quot;stretch_section&quot;:&quot;section-stretched&quot;,&quot;background_background&quot;:&quot;classic&quot;,&quot;background_motion_fx_motion_fx_scrolling&quot;:&quot;yes&quot;,&quot;background_motion_fx_devices&quot;:[&quot;desktop&quot;,&quot;tablet&quot;,&quot;mobile&quot;]}\">\n\t\t\t\t\t\t\t<div class=\"elementor-background-overlay\"><\/div>\n\t\t\t\t\t\t\t<div class=\"elementor-container elementor-column-gap-default\">\n\t\t\t\t\t<div class=\"elementor-column elementor-col-100 elementor-top-column elementor-element elementor-element-5faa9f5\" data-id=\"5faa9f5\" data-element_type=\"column\">\n\t\t\t<div class=\"elementor-widget-wrap elementor-element-populated\">\n\t\t\t\t\t\t<div class=\"elementor-element elementor-element-09a7446 elementor-widget elementor-widget-heading\" data-id=\"09a7446\" data-element_type=\"widget\" data-widget_type=\"heading.default\">\n\t\t\t\t<div class=\"elementor-widget-container\">\n\t\t\t<h2 class=\"elementor-heading-title elementor-size-default\">Wir gehen mit gleicher Sorgfalt auf alle unsere Kunden zu<\/h2>\t\t<\/div>\n\t\t\t\t<\/div>\n\t\t\t\t\t<\/div>\n\t\t<\/div>\n\t\t\t\t\t<\/div>\n\t\t<\/section>\n\t\t\t\t<section data-dce-background-color=\"#FFFFFF\" class=\"elementor-section elementor-top-section elementor-element elementor-element-2a35e5c elementor-section-boxed elementor-section-height-default elementor-section-height-default\" data-id=\"2a35e5c\" data-element_type=\"section\" data-settings=\"{&quot;background_background&quot;:&quot;gradient&quot;}\">\n\t\t\t\t\t\t<div class=\"elementor-container elementor-column-gap-default\">\n\t\t\t\t\t<div class=\"elementor-column elementor-col-100 elementor-top-column elementor-element elementor-element-9563758\" data-id=\"9563758\" data-element_type=\"column\">\n\t\t\t<div class=\"elementor-widget-wrap elementor-element-populated\">\n\t\t\t\t\t\t<div class=\"elementor-element elementor-element-a38d5cc elementor-widget elementor-widget-text-editor\" data-id=\"a38d5cc\" data-element_type=\"widget\" data-widget_type=\"text-editor.default\">\n\t\t\t\t<div class=\"elementor-widget-container\">\n\t\t\t\t\t\t\t<p>Unsere Business-Vision ist der Wunsch \u00a0Sch\u00f6pfer der modernen Business-Trends in der Herstellung, Vertrieb, Lagerhaltung und die Vertretung in der Bahnstra\u00dfe-Industrie zu sein. Auf dem Markt sind wir bestrebt, f\u00fcr die Qualit\u00e4ts Beziehung mit den Kunden, hochwertige Waren und Dienstleistungen, hohe Innovation, soziale Verantwortung und ethische Gesch\u00e4ftsgebaren erkennbar zu bleiben. Damit wollen wir unsere Position in der Metallverarbeitungsgesch\u00e4ft ausbauen, und uns als wirklicher F\u00fchrer in der kroatischen und einer der gr\u00f6\u00dferen Spieler auf dem EU-Markt zu best\u00e4tigen.<\/p>\n\t\t\t\t\t\t<\/div>\n\t\t\t\t<\/div>\n\t\t\t\t<div data-dce-background-color=\"#6E7D93\" class=\"elementor-element elementor-element-e795307 elementor-align-center elementor-widget elementor-widget-button\" data-id=\"e795307\" data-element_type=\"widget\" data-widget_type=\"button.default\">\n\t\t\t\t<div class=\"elementor-widget-container\">\n\t\t\t\t\t<div class=\"elementor-button-wrapper\">\n\t\t\t<a class=\"elementor-button elementor-button-link elementor-size-sm\" href=\"https:\/\/sela.hr\/de\/kontakt\/\">\n\t\t\t\t\t\t<span class=\"elementor-button-content-wrapper\">\n\t\t\t\t\t\t\t\t\t<span class=\"elementor-button-text\">Kontaktieren Sie uns f\u00fcr Referenzen<\/span>\n\t\t\t\t\t<\/span>\n\t\t\t\t\t<\/a>\n\t\t<\/div>\n\t\t\t\t<\/div>\n\t\t\t\t<\/div>\n\t\t<!-- dce invisible element 1f18d1b --><!-- dce invisible element ee851b2 --><!-- dce invisible element a827743 --><!-- dce invisible element 8a8fe85 --><!-- dce invisible element eb13942 -->\t\t\t<\/div>\n\t\t<\/div>\n\t\t\t\t\t<\/div>\n\t\t<\/section>\n\t\t\t\t<\/div>\n\t\t","protected":false},"excerpt":{"rendered":"<p>Wir gehen mit gleicher Sorgfalt auf alle unsere Kunden zu Unsere Business-Vision ist der Wunsch \u00a0Sch\u00f6pfer der modernen Business-Trends in der Herstellung, Vertrieb, Lagerhaltung und die Vertretung in der Bahnstra\u00dfe-Industrie zu sein. Auf dem Markt sind wir bestrebt, f\u00fcr die Qualit\u00e4ts Beziehung mit den Kunden, hochwertige Waren und Dienstleistungen, hohe Innovation, soziale Verantwortung und ethische [&hellip;]<\/p>\n","protected":false},"author":1,"featured_media":0,"parent":1452,"menu_order":0,"comment_status":"closed","ping_status":"closed","template":"elementor_header_footer","meta":{"_acf_changed":false,"footnotes":""},"class_list":["post-1441","page","type-page","status-publish","hentry","wpbf-post"],"acf":[],"_links":{"self":[{"href":"https:\/\/sela.hr\/de\/wp-json\/wp\/v2\/pages\/1441"}],"collection":[{"href":"https:\/\/sela.hr\/de\/wp-json\/wp\/v2\/pages"}],"about":[{"href":"https:\/\/sela.hr\/de\/wp-json\/wp\/v2\/types\/page"}],"author":[{"embeddable":true,"href":"https:\/\/sela.hr\/de\/wp-json\/wp\/v2\/users\/1"}],"replies":[{"embeddable":true,"href":"https:\/\/sela.hr\/de\/wp-json\/wp\/v2\/comments?post=1441"}],"version-history":[{"count":5,"href":"https:\/\/sela.hr\/de\/wp-json\/wp\/v2\/pages\/1441\/revisions"}],"predecessor-version":[{"id":2409,"href":"https:\/\/sela.hr\/de\/wp-json\/wp\/v2\/pages\/1441\/revisions\/2409"}],"up":[{"embeddable":true,"href":"https:\/\/sela.hr\/de\/wp-json\/wp\/v2\/pages\/1452"}],"wp:attachment":[{"href":"https:\/\/sela.hr\/de\/wp-json\/wp\/v2\/media?parent=1441"}],"curies":[{"name":"wp","href":"https:\/\/api.w.org\/{rel}","templated":true}]}}