{"id":1610,"date":"2020-11-05T11:43:14","date_gmt":"2020-11-05T10:43:14","guid":{"rendered":"https:\/\/sela.hr\/vielen-dank\/"},"modified":"2021-11-30T13:00:38","modified_gmt":"2021-11-30T12:00:38","slug":"vielen-dank","status":"publish","type":"page","link":"https:\/\/sela.hr\/de\/vielen-dank\/","title":{"rendered":"Vielen Dank"},"content":{"rendered":"\t\t<div data-elementor-type=\"wp-page\" data-elementor-id=\"1610\" class=\"elementor elementor-1610 elementor-1602\" data-elementor-post-type=\"page\">\n\t\t\t\t\t\t<section data-dce-background-image-url=\"https:\/\/sela.hr\/wp-content\/uploads\/2020\/10\/background-video-01.jpg\" class=\"elementor-section elementor-top-section elementor-element elementor-element-84ab5cb elementor-section-height-min-height elementor-section-boxed elementor-section-height-default elementor-section-items-middle\" data-id=\"84ab5cb\" data-element_type=\"section\" data-settings=\"{&quot;background_background&quot;:&quot;classic&quot;}\">\n\t\t\t\t\t\t<div class=\"elementor-container elementor-column-gap-default\">\n\t\t\t\t\t<div class=\"elementor-column elementor-col-100 elementor-top-column elementor-element elementor-element-8c8b961\" data-id=\"8c8b961\" data-element_type=\"column\">\n\t\t\t<div class=\"elementor-widget-wrap elementor-element-populated\">\n\t\t\t\t\t\t<div class=\"elementor-element elementor-element-a9cab78 elementor-widget elementor-widget-heading\" data-id=\"a9cab78\" data-element_type=\"widget\" data-widget_type=\"heading.default\">\n\t\t\t\t<div class=\"elementor-widget-container\">\n\t\t\t<h1 class=\"elementor-heading-title elementor-size-default\"> Vielen Dank f\u00fcr Ihr Interesse!<\/h1>\t\t<\/div>\n\t\t\t\t<\/div>\n\t\t\t\t<div class=\"elementor-element elementor-element-83b8ac3 elementor-widget elementor-widget-text-editor\" data-id=\"83b8ac3\" data-element_type=\"widget\" data-widget_type=\"text-editor.default\">\n\t\t\t\t<div class=\"elementor-widget-container\">\n\t\t\t\t\t\t\t<p>Wir werden Sie in K\u00fcrze bez\u00fcglich Ihrer Anfrage kontaktieren. Zur <a href=\"https:\/\/sela.hr\/de\/\">Startseite zur\u00fcckkehren<\/a>.<\/p>\n\t\t\t\t\t\t<\/div>\n\t\t\t\t<\/div>\n\t\t\t\t<div class=\"elementor-element elementor-element-fd29dfe dce_masking-none elementor-widget elementor-widget-image\" data-id=\"fd29dfe\" data-element_type=\"widget\" data-widget_type=\"image.default\">\n\t\t\t\t<div class=\"elementor-widget-container\">\n\t\t\t\t\t\t\t\t\t\t\t\t\t\t<a href=\"https:\/\/sela.hr\/de\/\">\n\t\t\t\t\t\t\t<img fetchpriority=\"high\" decoding=\"async\" width=\"800\" height=\"313\" src=\"https:\/\/sela.hr\/wp-content\/uploads\/2020\/09\/sela-logo-pos-01.png\" class=\"attachment-large size-large wp-image-38\" alt=\"\u0160ela proizvodnja d.o.o.\" srcset=\"https:\/\/sela.hr\/wp-content\/uploads\/2020\/09\/sela-logo-pos-01.png 800w, https:\/\/sela.hr\/wp-content\/uploads\/2020\/09\/sela-logo-pos-01-300x117.png 300w, https:\/\/sela.hr\/wp-content\/uploads\/2020\/09\/sela-logo-pos-01-768x300.png 768w\" sizes=\"(max-width: 800px) 100vw, 800px\" \/>\t\t\t\t\t\t\t\t<\/a>\n\t\t\t\t\t\t\t\t\t\t\t\t\t<\/div>\n\t\t\t\t<\/div>\n\t\t\t\t\t<\/div>\n\t\t<\/div>\n\t\t\t\t\t<\/div>\n\t\t<\/section>\n\t\t\t\t<\/div>\n\t\t","protected":false},"excerpt":{"rendered":"<p>Vielen Dank f\u00fcr Ihr Interesse! Wir werden Sie in K\u00fcrze bez\u00fcglich Ihrer Anfrage kontaktieren. Zur Startseite zur\u00fcckkehren.<\/p>\n","protected":false},"author":1,"featured_media":0,"parent":0,"menu_order":0,"comment_status":"closed","ping_status":"closed","template":"elementor_header_footer","meta":{"_acf_changed":false,"footnotes":""},"class_list":["post-1610","page","type-page","status-publish","hentry","wpbf-post"],"acf":[],"_links":{"self":[{"href":"https:\/\/sela.hr\/de\/wp-json\/wp\/v2\/pages\/1610"}],"collection":[{"href":"https:\/\/sela.hr\/de\/wp-json\/wp\/v2\/pages"}],"about":[{"href":"https:\/\/sela.hr\/de\/wp-json\/wp\/v2\/types\/page"}],"author":[{"embeddable":true,"href":"https:\/\/sela.hr\/de\/wp-json\/wp\/v2\/users\/1"}],"replies":[{"embeddable":true,"href":"https:\/\/sela.hr\/de\/wp-json\/wp\/v2\/comments?post=1610"}],"version-history":[{"count":2,"href":"https:\/\/sela.hr\/de\/wp-json\/wp\/v2\/pages\/1610\/revisions"}],"predecessor-version":[{"id":2188,"href":"https:\/\/sela.hr\/de\/wp-json\/wp\/v2\/pages\/1610\/revisions\/2188"}],"wp:attachment":[{"href":"https:\/\/sela.hr\/de\/wp-json\/wp\/v2\/media?parent=1610"}],"curies":[{"name":"wp","href":"https:\/\/api.w.org\/{rel}","templated":true}]}}