{"id":1811,"date":"2021-04-10T13:10:46","date_gmt":"2021-04-10T11:10:46","guid":{"rendered":"https:\/\/sela.hr\/zertifikate\/"},"modified":"2022-11-10T12:41:22","modified_gmt":"2022-11-10T11:41:22","slug":"zertifikate","status":"publish","type":"page","link":"https:\/\/sela.hr\/de\/ueber-uns\/zertifikate\/","title":{"rendered":"Zertifikate"},"content":{"rendered":"\t\t<div data-elementor-type=\"wp-page\" data-elementor-id=\"1811\" class=\"elementor elementor-1811 elementor-1720\" data-elementor-post-type=\"page\">\n\t\t\t\t\t\t<section data-dce-background-color=\"#3C3943\" data-dce-background-overlay-color=\"#000000\" data-dce-background-image-url=\"https:\/\/sela.hr\/wp-content\/uploads\/2020\/10\/sela-cnc-003.jpg\" class=\"elementor-section elementor-top-section elementor-element elementor-element-c985d94 elementor-section-height-min-height elementor-section-stretched elementor-section-boxed elementor-section-height-default elementor-section-items-middle\" data-id=\"c985d94\" data-element_type=\"section\" data-settings=\"{&quot;stretch_section&quot;:&quot;section-stretched&quot;,&quot;background_background&quot;:&quot;classic&quot;,&quot;background_motion_fx_motion_fx_scrolling&quot;:&quot;yes&quot;,&quot;background_motion_fx_devices&quot;:[&quot;desktop&quot;,&quot;tablet&quot;,&quot;mobile&quot;]}\">\n\t\t\t\t\t\t\t<div class=\"elementor-background-overlay\"><\/div>\n\t\t\t\t\t\t\t<div class=\"elementor-container elementor-column-gap-default\">\n\t\t\t\t\t<div class=\"elementor-column elementor-col-100 elementor-top-column elementor-element elementor-element-dbeda90\" data-id=\"dbeda90\" data-element_type=\"column\">\n\t\t\t<div class=\"elementor-widget-wrap elementor-element-populated\">\n\t\t\t\t\t\t<div class=\"elementor-element elementor-element-3ba8b8e elementor-widget elementor-widget-heading\" data-id=\"3ba8b8e\" data-element_type=\"widget\" data-widget_type=\"heading.default\">\n\t\t\t\t<div class=\"elementor-widget-container\">\n\t\t\t<h2 class=\"elementor-heading-title elementor-size-default\">Garantie unserer Qualit\u00e4t<\/h2>\t\t<\/div>\n\t\t\t\t<\/div>\n\t\t\t\t\t<\/div>\n\t\t<\/div>\n\t\t\t\t\t<\/div>\n\t\t<\/section>\n\t\t\t\t<section data-dce-background-color=\"#FFFFFF\" class=\"elementor-section elementor-top-section elementor-element elementor-element-7d9cb6d elementor-section-boxed elementor-section-height-default elementor-section-height-default\" data-id=\"7d9cb6d\" data-element_type=\"section\" data-settings=\"{&quot;background_background&quot;:&quot;gradient&quot;}\">\n\t\t\t\t\t\t<div class=\"elementor-container elementor-column-gap-default\">\n\t\t\t\t\t<div class=\"elementor-column elementor-col-100 elementor-top-column elementor-element elementor-element-57378bc\" data-id=\"57378bc\" data-element_type=\"column\">\n\t\t\t<div class=\"elementor-widget-wrap elementor-element-populated\">\n\t\t\t\t\t\t<div class=\"elementor-element elementor-element-e54947d elementor-hidden-desktop elementor-hidden-tablet elementor-hidden-phone elementor-widget elementor-widget-theme-post-title elementor-page-title elementor-widget-heading\" data-id=\"e54947d\" data-element_type=\"widget\" data-widget_type=\"theme-post-title.default\">\n\t\t\t\t<div class=\"elementor-widget-container\">\n\t\t\t<h4 class=\"elementor-heading-title elementor-size-default\">Zertifikate<\/h4>\t\t<\/div>\n\t\t\t\t<\/div>\n\t\t\t\t<div class=\"elementor-element elementor-element-d9a2a15 elementor-widget elementor-widget-text-editor\" data-id=\"d9a2a15\" data-element_type=\"widget\" data-widget_type=\"text-editor.default\">\n\t\t\t\t<div class=\"elementor-widget-container\">\n\t\t\t\t\t\t\t<p>Umsetzung und die kontinuierliche Verbesserung der Wirksamkeit von Management-Systemen, basierend auf den Anforderungen der internationalen Normen ISO 9001 und ISO 14001.<\/p>\n\t\t\t\t\t\t<\/div>\n\t\t\t\t<\/div>\n\t\t\t\t<div class=\"elementor-element elementor-element-e123ea3 elementor-widget-divider--view-line elementor-widget elementor-widget-divider\" data-id=\"e123ea3\" data-element_type=\"widget\" data-widget_type=\"divider.default\">\n\t\t\t\t<div class=\"elementor-widget-container\">\n\t\t\t\t\t<div class=\"elementor-divider\">\n\t\t\t<span class=\"elementor-divider-separator\">\n\t\t\t\t\t\t<\/span>\n\t\t<\/div>\n\t\t\t\t<\/div>\n\t\t\t\t<\/div>\n\t\t\t\t<div class=\"dce-fix-background-loop elementor-element elementor-element-2c877ef elementor-widget elementor-widget-dce-acf-repeater-v2\" data-id=\"2c877ef\" data-element_type=\"widget\" data-settings=\"{&quot;dce_acf_repeater_format&quot;:&quot;grid&quot;}\" data-widget_type=\"dce-acf-repeater-v2.default\">\n\t\t\t\t<div class=\"elementor-widget-container\">\n\t\t\t<div class=\"dce-acf-repeater\"><div class=\"dce-acf-repeater-grid\"><div class=\"dce-acf-repeater-item\">\t\t<div data-elementor-type=\"section\" data-elementor-id=\"1814\" class=\"elementor elementor-1814 dce-elementor-rendering-id-1 elementor-1761\" data-elementor-post-type=\"elementor_library\">\n\t\t\t\t\t<section class=\"elementor-section elementor-top-section elementor-element elementor-element-3e14343 elementor-section-boxed elementor-section-height-default elementor-section-height-default\" data-id=\"3e14343\" data-element_type=\"section\">\n\t\t\t\t\t\t<div class=\"elementor-container elementor-column-gap-no\">\n\t\t\t\t\t<div class=\"elementor-column elementor-col-50 elementor-top-column elementor-element elementor-element-94880c4\" data-id=\"94880c4\" data-element_type=\"column\">\n\t\t\t<div class=\"elementor-widget-wrap elementor-element-populated\">\n\t\t\t\t\t\t<div class=\"elementor-element elementor-element-fba4f2c dce_masking-none elementor-widget elementor-widget-image\" data-id=\"fba4f2c\" data-element_type=\"widget\" data-widget_type=\"image.default\">\n\t\t\t\t<div class=\"elementor-widget-container\">\n\t\t\t\t\t\t\t\t\t\t\t\t\t<img fetchpriority=\"high\" decoding=\"async\" width=\"768\" height=\"1086\" src=\"https:\/\/sela.hr\/wp-content\/uploads\/2022\/11\/sela-certificate-tuv-en-22-768x1086.jpg\" class=\"attachment-medium_large size-medium_large wp-image-2381\" alt=\"\" srcset=\"https:\/\/sela.hr\/wp-content\/uploads\/2022\/11\/sela-certificate-tuv-en-22-768x1086.jpg 768w, https:\/\/sela.hr\/wp-content\/uploads\/2022\/11\/sela-certificate-tuv-en-22-212x300.jpg 212w, https:\/\/sela.hr\/wp-content\/uploads\/2022\/11\/sela-certificate-tuv-en-22-724x1024.jpg 724w, https:\/\/sela.hr\/wp-content\/uploads\/2022\/11\/sela-certificate-tuv-en-22-1086x1536.jpg 1086w, https:\/\/sela.hr\/wp-content\/uploads\/2022\/11\/sela-certificate-tuv-en-22-1449x2048.jpg 1449w, https:\/\/sela.hr\/wp-content\/uploads\/2022\/11\/sela-certificate-tuv-en-22.jpg 1600w\" sizes=\"(max-width: 768px) 100vw, 768px\" \/>\t\t\t\t\t\t\t\t\t\t\t\t\t<\/div>\n\t\t\t\t<\/div>\n\t\t\t\t\t<\/div>\n\t\t<\/div>\n\t\t\t\t<div class=\"elementor-column elementor-col-50 elementor-top-column elementor-element elementor-element-b5ce9ee\" data-id=\"b5ce9ee\" data-element_type=\"column\">\n\t\t\t<div class=\"elementor-widget-wrap elementor-element-populated\">\n\t\t\t\t\t\t<div class=\"elementor-element elementor-element-2eba6ad elementor-widget elementor-widget-heading\" data-id=\"2eba6ad\" data-element_type=\"widget\" data-widget_type=\"heading.default\">\n\t\t\t\t<div class=\"elementor-widget-container\">\n\t\t\t<h2 class=\"elementor-heading-title elementor-size-default\">Zertifikat f\u00fcr Management system nach EN ISO 9001: 2015, EN ISO 14001: 2015<\/h2>\t\t<\/div>\n\t\t\t\t<\/div>\n\t\t\t\t<div data-dce-background-color=\"#D72840\" class=\"elementor-element elementor-element-cd2452b elementor-align-left elementor-widget elementor-widget-button\" data-id=\"cd2452b\" data-element_type=\"widget\" data-widget_type=\"button.default\">\n\t\t\t\t<div class=\"elementor-widget-container\">\n\t\t\t\t\t<div class=\"elementor-button-wrapper\">\n\t\t\t<a class=\"elementor-button elementor-button-link elementor-size-sm\" href=\"https:\/\/sela.hr\/wp-content\/uploads\/2022\/11\/sela-certificate-tuv-en-22.jpg\" target=\"_blank\">\n\t\t\t\t\t\t<span class=\"elementor-button-content-wrapper\">\n\t\t\t\t\t\t\t\t\t<span class=\"elementor-button-text\">PDF \u00f6ffnen<\/span>\n\t\t\t\t\t<\/span>\n\t\t\t\t\t<\/a>\n\t\t<\/div>\n\t\t\t\t<\/div>\n\t\t\t\t<\/div>\n\t\t\t\t\t<\/div>\n\t\t<\/div>\n\t\t\t\t\t<\/div>\n\t\t<\/section>\n\t\t<!-- dce invisible element 6fbd4e3 -->\t\t<\/div>\n\t\t<\/div><div class=\"dce-acf-repeater-item\">\t\t<div data-elementor-type=\"section\" data-elementor-id=\"1814\" class=\"elementor elementor-1814 dce-elementor-rendering-id-2 elementor-1761\" data-elementor-post-type=\"elementor_library\">\n\t\t\t\t\t<section class=\"elementor-section elementor-top-section elementor-element elementor-element-3e14343 elementor-section-boxed elementor-section-height-default elementor-section-height-default\" data-id=\"3e14343\" data-element_type=\"section\">\n\t\t\t\t\t\t<div class=\"elementor-container elementor-column-gap-no\">\n\t\t\t\t\t<div class=\"elementor-column elementor-col-50 elementor-top-column elementor-element elementor-element-94880c4\" data-id=\"94880c4\" data-element_type=\"column\">\n\t\t\t<div class=\"elementor-widget-wrap elementor-element-populated\">\n\t\t\t\t\t\t<div class=\"elementor-element elementor-element-fba4f2c dce_masking-none elementor-widget elementor-widget-image\" data-id=\"fba4f2c\" data-element_type=\"widget\" data-widget_type=\"image.default\">\n\t\t\t\t<div class=\"elementor-widget-container\">\n\t\t\t\t\t\t\t\t\t\t\t\t\t<img decoding=\"async\" width=\"768\" height=\"1090\" src=\"https:\/\/sela.hr\/wp-content\/uploads\/2021\/04\/sela-certificate-fsb-en-768x1090.jpg\" class=\"attachment-medium_large size-medium_large wp-image-1796\" alt=\"\" srcset=\"https:\/\/sela.hr\/wp-content\/uploads\/2021\/04\/sela-certificate-fsb-en-768x1090.jpg 768w, https:\/\/sela.hr\/wp-content\/uploads\/2021\/04\/sela-certificate-fsb-en-211x300.jpg 211w, https:\/\/sela.hr\/wp-content\/uploads\/2021\/04\/sela-certificate-fsb-en-722x1024.jpg 722w, https:\/\/sela.hr\/wp-content\/uploads\/2021\/04\/sela-certificate-fsb-en-1082x1536.jpg 1082w, https:\/\/sela.hr\/wp-content\/uploads\/2021\/04\/sela-certificate-fsb-en.jpg 1200w\" sizes=\"(max-width: 768px) 100vw, 768px\" \/>\t\t\t\t\t\t\t\t\t\t\t\t\t<\/div>\n\t\t\t\t<\/div>\n\t\t\t\t\t<\/div>\n\t\t<\/div>\n\t\t\t\t<div class=\"elementor-column elementor-col-50 elementor-top-column elementor-element elementor-element-b5ce9ee\" data-id=\"b5ce9ee\" data-element_type=\"column\">\n\t\t\t<div class=\"elementor-widget-wrap elementor-element-populated\">\n\t\t\t\t\t\t<div class=\"elementor-element elementor-element-2eba6ad elementor-widget elementor-widget-heading\" data-id=\"2eba6ad\" data-element_type=\"widget\" data-widget_type=\"heading.default\">\n\t\t\t\t<div class=\"elementor-widget-container\">\n\t\t\t<h2 class=\"elementor-heading-title elementor-size-default\">Zertifikat \u00fcber die Einhaltung der Qualit\u00e4tsanforderungen f\u00fcr das Schmelzschwei\u00dfen gem\u00e4\u00df HRN EN ISO 383 4-2: 2007<\/h2>\t\t<\/div>\n\t\t\t\t<\/div>\n\t\t\t\t<div data-dce-background-color=\"#D72840\" class=\"elementor-element elementor-element-cd2452b elementor-align-left elementor-widget elementor-widget-button\" data-id=\"cd2452b\" data-element_type=\"widget\" data-widget_type=\"button.default\">\n\t\t\t\t<div class=\"elementor-widget-container\">\n\t\t\t\t\t<div class=\"elementor-button-wrapper\">\n\t\t\t<a class=\"elementor-button elementor-button-link elementor-size-sm\" href=\"https:\/\/sela.hr\/wp-content\/uploads\/2021\/04\/sela-certificate-fsb-iso-3834-2-en.pdf\" target=\"_blank\">\n\t\t\t\t\t\t<span class=\"elementor-button-content-wrapper\">\n\t\t\t\t\t\t\t\t\t<span class=\"elementor-button-text\">PDF \u00f6ffnen<\/span>\n\t\t\t\t\t<\/span>\n\t\t\t\t\t<\/a>\n\t\t<\/div>\n\t\t\t\t<\/div>\n\t\t\t\t<\/div>\n\t\t\t\t\t<\/div>\n\t\t<\/div>\n\t\t\t\t\t<\/div>\n\t\t<\/section>\n\t\t<!-- dce invisible element 6fbd4e3 -->\t\t<\/div>\n\t\t<\/div><div class=\"dce-acf-repeater-item\">\t\t<div data-elementor-type=\"section\" data-elementor-id=\"1814\" class=\"elementor elementor-1814 dce-elementor-rendering-id-3 elementor-1761\" data-elementor-post-type=\"elementor_library\">\n\t\t\t\t\t<section class=\"elementor-section elementor-top-section elementor-element elementor-element-3e14343 elementor-section-boxed elementor-section-height-default elementor-section-height-default\" data-id=\"3e14343\" data-element_type=\"section\">\n\t\t\t\t\t\t<div class=\"elementor-container elementor-column-gap-no\">\n\t\t\t\t\t<div class=\"elementor-column elementor-col-50 elementor-top-column elementor-element elementor-element-94880c4\" data-id=\"94880c4\" data-element_type=\"column\">\n\t\t\t<div class=\"elementor-widget-wrap elementor-element-populated\">\n\t\t\t\t\t\t<div class=\"elementor-element elementor-element-fba4f2c dce_masking-none elementor-widget elementor-widget-image\" data-id=\"fba4f2c\" data-element_type=\"widget\" data-widget_type=\"image.default\">\n\t\t\t\t<div class=\"elementor-widget-container\">\n\t\t\t\t\t\t\t\t\t\t\t\t\t<img decoding=\"async\" width=\"768\" height=\"1084\" src=\"https:\/\/sela.hr\/wp-content\/uploads\/2021\/04\/sela-certificate-tuv-en-768x1084.jpg\" class=\"attachment-medium_large size-medium_large wp-image-1793\" alt=\"\" srcset=\"https:\/\/sela.hr\/wp-content\/uploads\/2021\/04\/sela-certificate-tuv-en-768x1084.jpg 768w, https:\/\/sela.hr\/wp-content\/uploads\/2021\/04\/sela-certificate-tuv-en-213x300.jpg 213w, https:\/\/sela.hr\/wp-content\/uploads\/2021\/04\/sela-certificate-tuv-en-726x1024.jpg 726w, https:\/\/sela.hr\/wp-content\/uploads\/2021\/04\/sela-certificate-tuv-en-1089x1536.jpg 1089w, https:\/\/sela.hr\/wp-content\/uploads\/2021\/04\/sela-certificate-tuv-en.jpg 1200w\" sizes=\"(max-width: 768px) 100vw, 768px\" \/>\t\t\t\t\t\t\t\t\t\t\t\t\t<\/div>\n\t\t\t\t<\/div>\n\t\t\t\t\t<\/div>\n\t\t<\/div>\n\t\t\t\t<div class=\"elementor-column elementor-col-50 elementor-top-column elementor-element elementor-element-b5ce9ee\" data-id=\"b5ce9ee\" data-element_type=\"column\">\n\t\t\t<div class=\"elementor-widget-wrap elementor-element-populated\">\n\t\t\t\t\t\t<div class=\"elementor-element elementor-element-2eba6ad elementor-widget elementor-widget-heading\" data-id=\"2eba6ad\" data-element_type=\"widget\" data-widget_type=\"heading.default\">\n\t\t\t\t<div class=\"elementor-widget-container\">\n\t\t\t<h2 class=\"elementor-heading-title elementor-size-default\">Zertifikat f\u00fcr Management system nach EN ISO 9001: 2015, EN ISO 14001: 2015<\/h2>\t\t<\/div>\n\t\t\t\t<\/div>\n\t\t\t\t<div data-dce-background-color=\"#D72840\" class=\"elementor-element elementor-element-cd2452b elementor-align-left elementor-widget elementor-widget-button\" data-id=\"cd2452b\" data-element_type=\"widget\" data-widget_type=\"button.default\">\n\t\t\t\t<div class=\"elementor-widget-container\">\n\t\t\t\t\t<div class=\"elementor-button-wrapper\">\n\t\t\t<a class=\"elementor-button elementor-button-link elementor-size-sm\" href=\"https:\/\/sela.hr\/wp-content\/uploads\/2021\/04\/sela_proizvodnja_r_eng_qm_um_19.pdf\" target=\"_blank\">\n\t\t\t\t\t\t<span class=\"elementor-button-content-wrapper\">\n\t\t\t\t\t\t\t\t\t<span class=\"elementor-button-text\">PDF \u00f6ffnen<\/span>\n\t\t\t\t\t<\/span>\n\t\t\t\t\t<\/a>\n\t\t<\/div>\n\t\t\t\t<\/div>\n\t\t\t\t<\/div>\n\t\t\t\t\t<\/div>\n\t\t<\/div>\n\t\t\t\t\t<\/div>\n\t\t<\/section>\n\t\t<!-- dce invisible element 6fbd4e3 -->\t\t<\/div>\n\t\t<\/div><\/div><\/div>\t\t<\/div>\n\t\t\t\t<\/div>\n\t\t\t\t\t<\/div>\n\t\t<\/div>\n\t\t\t\t\t<\/div>\n\t\t<\/section>\n\t\t\t\t<\/div>\n\t\t","protected":false},"excerpt":{"rendered":"<p>Na\u0161a poslovna vizija temelji se na \u017eelji da budemo glavni kreator i inovator modernih poslovnih trendova u proizvodnji, prodaji, skladi\u0161tenju, distribuciji i zastupstvu u industrijama raznih tehnolo\u0161kih potreba. Na tr\u017ei\u0161tu se trudimo ostati prepoznatljivi po kvalitetnom odnosu s klijentima, najvi\u0161im standardima proizvoda i usluga, visokim stupnjem inoviranja, izra\u017eenom odgovornosti za dru\u0161tvo i odr\u017eivost ekosustava, te [&hellip;]<\/p>\n","protected":false},"author":1,"featured_media":0,"parent":1452,"menu_order":0,"comment_status":"closed","ping_status":"closed","template":"elementor_header_footer","meta":{"_acf_changed":false,"footnotes":""},"class_list":["post-1811","page","type-page","status-publish","hentry","wpbf-post"],"acf":[],"_links":{"self":[{"href":"https:\/\/sela.hr\/de\/wp-json\/wp\/v2\/pages\/1811"}],"collection":[{"href":"https:\/\/sela.hr\/de\/wp-json\/wp\/v2\/pages"}],"about":[{"href":"https:\/\/sela.hr\/de\/wp-json\/wp\/v2\/types\/page"}],"author":[{"embeddable":true,"href":"https:\/\/sela.hr\/de\/wp-json\/wp\/v2\/users\/1"}],"replies":[{"embeddable":true,"href":"https:\/\/sela.hr\/de\/wp-json\/wp\/v2\/comments?post=1811"}],"version-history":[{"count":8,"href":"https:\/\/sela.hr\/de\/wp-json\/wp\/v2\/pages\/1811\/revisions"}],"predecessor-version":[{"id":2386,"href":"https:\/\/sela.hr\/de\/wp-json\/wp\/v2\/pages\/1811\/revisions\/2386"}],"up":[{"embeddable":true,"href":"https:\/\/sela.hr\/de\/wp-json\/wp\/v2\/pages\/1452"}],"wp:attachment":[{"href":"https:\/\/sela.hr\/de\/wp-json\/wp\/v2\/media?parent=1811"}],"curies":[{"name":"wp","href":"https:\/\/api.w.org\/{rel}","templated":true}]}}